{"id":95,"date":"2020-09-16T11:39:20","date_gmt":"2020-09-16T14:39:20","guid":{"rendered":"http:\/\/3dimagenesdentomaxilares.com.ar\/?page_id=95"},"modified":"2020-09-18T15:37:08","modified_gmt":"2020-09-18T18:37:08","slug":"quienes-somos","status":"publish","type":"page","link":"https:\/\/3dimagenesdentomaxilares.com.ar\/index.php\/quienes-somos\/","title":{"rendered":"Quienes Somos"},"content":{"rendered":"\t\t<div data-elementor-type=\"wp-page\" data-elementor-id=\"95\" class=\"elementor elementor-95\">\n\t\t\t\t\t\t<section class=\"elementor-section elementor-top-section elementor-element elementor-element-4ba96388 elementor-section-full_width elementor-section-height-default elementor-section-height-default\" data-id=\"4ba96388\" data-element_type=\"section\" data-e-type=\"section\">\n\t\t\t\t\t\t<div class=\"elementor-container elementor-column-gap-default\">\n\t\t\t\t\t<div class=\"elementor-column elementor-col-50 elementor-top-column elementor-element elementor-element-12f3d847\" data-id=\"12f3d847\" data-element_type=\"column\" data-e-type=\"column\">\n\t\t\t<div class=\"elementor-widget-wrap elementor-element-populated\">\n\t\t\t\t\t\t<div class=\"elementor-element elementor-element-477a89bb elementor-widget elementor-widget-image\" data-id=\"477a89bb\" data-element_type=\"widget\" data-e-type=\"widget\" data-widget_type=\"image.default\">\n\t\t\t\t<div class=\"elementor-widget-container\">\n\t\t\t\t\t\t\t\t\t\t\t\t\t\t\t<img data-opt-id=133742504  fetchpriority=\"high\" decoding=\"async\" width=\"1500\" height=\"1493\" src=\"https:\/\/mlxizehycs8z.i.optimole.com\/w:1085\/h:1080\/q:mauto\/f:best\/https:\/\/3dimagenesdentomaxilares.com.ar\/wp-content\/uploads\/2020\/09\/arestream-3D.png\" class=\"attachment-full size-full wp-image-171\" alt=\"\" srcset=\"https:\/\/mlxizehycs8z.i.optimole.com\/w:1085\/h:1080\/q:mauto\/f:best\/https:\/\/3dimagenesdentomaxilares.com.ar\/wp-content\/uploads\/2020\/09\/arestream-3D.png 1500w, https:\/\/mlxizehycs8z.i.optimole.com\/w:300\/h:300\/q:mauto\/f:best\/https:\/\/3dimagenesdentomaxilares.com.ar\/wp-content\/uploads\/2020\/09\/arestream-3D.png 300w, https:\/\/mlxizehycs8z.i.optimole.com\/w:1024\/h:1019\/q:mauto\/f:best\/https:\/\/3dimagenesdentomaxilares.com.ar\/wp-content\/uploads\/2020\/09\/arestream-3D.png 1024w, https:\/\/mlxizehycs8z.i.optimole.com\/w:150\/h:150\/q:mauto\/f:best\/https:\/\/3dimagenesdentomaxilares.com.ar\/wp-content\/uploads\/2020\/09\/arestream-3D.png 150w, https:\/\/mlxizehycs8z.i.optimole.com\/w:768\/h:764\/q:mauto\/f:best\/https:\/\/3dimagenesdentomaxilares.com.ar\/wp-content\/uploads\/2020\/09\/arestream-3D.png 768w, https:\/\/mlxizehycs8z.i.optimole.com\/w:1085\/h:1080\/q:mauto\/f:best\/https:\/\/3dimagenesdentomaxilares.com.ar\/wp-content\/uploads\/2020\/09\/arestream-3D.png 1200w\" sizes=\"(max-width: 580px) 100vw, 580px\" \/>\t\t\t\t\t\t\t\t\t\t\t\t\t\t\t<\/div>\n\t\t\t\t<\/div>\n\t\t\t\t<div class=\"elementor-element elementor-element-2ab31a4e elementor-widget__width-auto elementor-widget elementor-widget-heading\" data-id=\"2ab31a4e\" data-element_type=\"widget\" data-e-type=\"widget\" data-widget_type=\"heading.default\">\n\t\t\t\t<div class=\"elementor-widget-container\">\n\t\t\t\t\t<h2 class=\"elementor-heading-title elementor-size-default\">\u00faltima tecnolog\u00eda<\/h2>\t\t\t\t<\/div>\n\t\t\t\t<\/div>\n\t\t\t\t\t<\/div>\n\t\t<\/div>\n\t\t\t\t<div class=\"elementor-column elementor-col-50 elementor-top-column elementor-element elementor-element-292f3eeb\" data-id=\"292f3eeb\" data-element_type=\"column\" data-e-type=\"column\">\n\t\t\t<div class=\"elementor-widget-wrap elementor-element-populated\">\n\t\t\t\t\t\t<section class=\"elementor-section elementor-inner-section elementor-element elementor-element-d20dd7c elementor-section-height-min-height elementor-section-boxed elementor-section-height-default\" data-id=\"d20dd7c\" data-element_type=\"section\" data-e-type=\"section\">\n\t\t\t\t\t\t<div class=\"elementor-container elementor-column-gap-default\">\n\t\t\t\t\t<div class=\"elementor-column elementor-col-100 elementor-inner-column elementor-element elementor-element-5dabae81\" data-id=\"5dabae81\" data-element_type=\"column\" data-e-type=\"column\" data-settings=\"{&quot;motion_fx_motion_fx_scrolling&quot;:&quot;yes&quot;,&quot;motion_fx_translateX_effect&quot;:&quot;yes&quot;,&quot;motion_fx_translateX_speed&quot;:{&quot;unit&quot;:&quot;px&quot;,&quot;size&quot;:&quot;1&quot;,&quot;sizes&quot;:[]},&quot;motion_fx_translateX_affectedRange&quot;:{&quot;unit&quot;:&quot;%&quot;,&quot;size&quot;:&quot;&quot;,&quot;sizes&quot;:{&quot;start&quot;:&quot;0&quot;,&quot;end&quot;:&quot;50&quot;}},&quot;motion_fx_devices&quot;:[&quot;desktop&quot;]}\">\n\t\t\t<div class=\"elementor-widget-wrap elementor-element-populated\">\n\t\t\t\t\t\t<div class=\"elementor-element elementor-element-4bde0df4 elementor-widget elementor-widget-heading\" data-id=\"4bde0df4\" data-element_type=\"widget\" data-e-type=\"widget\" data-widget_type=\"heading.default\">\n\t\t\t\t<div class=\"elementor-widget-container\">\n\t\t\t\t\t<p class=\"elementor-heading-title elementor-size-default\">\"<\/p>\t\t\t\t<\/div>\n\t\t\t\t<\/div>\n\t\t\t\t<div class=\"elementor-element elementor-element-259d0d48 elementor-widget elementor-widget-heading\" data-id=\"259d0d48\" data-element_type=\"widget\" data-e-type=\"widget\" data-widget_type=\"heading.default\">\n\t\t\t\t<div class=\"elementor-widget-container\">\n\t\t\t\t\t<h3 class=\"elementor-heading-title elementor-size-default\">3D im\u00e1genes dentomaxilares<\/h3>\t\t\t\t<\/div>\n\t\t\t\t<\/div>\n\t\t\t\t<div class=\"elementor-element elementor-element-7eb85906 elementor-widget elementor-widget-text-editor\" data-id=\"7eb85906\" data-element_type=\"widget\" data-e-type=\"widget\" data-widget_type=\"text-editor.default\">\n\t\t\t\t<div class=\"elementor-widget-container\">\n\t\t\t\t\t\t\t\t\t<p class=\"p1\"><span class=\"s2\">servicio de radiolog\u00eda<\/span><strong><span class=\"s2\"> dentomaxilofacial<\/span><\/strong><\/p>\t\t\t\t\t\t\t\t<\/div>\n\t\t\t\t<\/div>\n\t\t\t\t<div class=\"elementor-element elementor-element-6ce80ba3 elementor-widget elementor-widget-text-editor\" data-id=\"6ce80ba3\" data-element_type=\"widget\" data-e-type=\"widget\" data-widget_type=\"text-editor.default\">\n\t\t\t\t<div class=\"elementor-widget-container\">\n\t\t\t\t\t\t\t\t\t<p>Somos un servicio de radiolog\u00eda dentomaxilofacial que busca satisfacer las necesidades del profesional y del paciente en busca de un correcto diagn\u00f3stico. Para eso nos valemos de la \u00faltima tecnolog\u00eda en im\u00e1genes digitales 2D Y 3D.<\/p>\t\t\t\t\t\t\t\t<\/div>\n\t\t\t\t<\/div>\n\t\t\t\t\t<\/div>\n\t\t<\/div>\n\t\t\t\t\t<\/div>\n\t\t<\/section>\n\t\t\t\t\t<\/div>\n\t\t<\/div>\n\t\t\t\t\t<\/div>\n\t\t<\/section>\n\t\t\t\t<section class=\"elementor-section elementor-top-section elementor-element elementor-element-7ea0f99 elementor-section-boxed elementor-section-height-default elementor-section-height-default\" data-id=\"7ea0f99\" data-element_type=\"section\" data-e-type=\"section\">\n\t\t\t\t\t\t<div class=\"elementor-container elementor-column-gap-default\">\n\t\t\t\t\t<div class=\"elementor-column elementor-col-50 elementor-top-column elementor-element elementor-element-67165f7\" data-id=\"67165f7\" data-element_type=\"column\" data-e-type=\"column\">\n\t\t\t<div class=\"elementor-widget-wrap elementor-element-populated\">\n\t\t\t\t\t\t<div class=\"elementor-element elementor-element-79be83b4 elementor-widget elementor-widget-heading\" data-id=\"79be83b4\" data-element_type=\"widget\" data-e-type=\"widget\" data-widget_type=\"heading.default\">\n\t\t\t\t<div class=\"elementor-widget-container\">\n\t\t\t\t\t<h1 class=\"elementor-heading-title elementor-size-default\">Nuestra <b>Visi\u00f3n<\/b><\/h1>\t\t\t\t<\/div>\n\t\t\t\t<\/div>\n\t\t\t\t<div class=\"elementor-element elementor-element-46221d23 elementor-widget elementor-widget-text-editor\" data-id=\"46221d23\" data-element_type=\"widget\" data-e-type=\"widget\" data-widget_type=\"text-editor.default\">\n\t\t\t\t<div class=\"elementor-widget-container\">\n\t\t\t\t\t\t\t\t\t<p>\u00a0Buscamos acercar nuestra tecnolog\u00eda a profesionales y pacientes de toda la provincia de Buenos Aires.<\/p>\t\t\t\t\t\t\t\t<\/div>\n\t\t\t\t<\/div>\n\t\t\t\t\t<\/div>\n\t\t<\/div>\n\t\t\t\t<div class=\"elementor-column elementor-col-50 elementor-top-column elementor-element elementor-element-6a5286e\" data-id=\"6a5286e\" data-element_type=\"column\" data-e-type=\"column\">\n\t\t\t<div class=\"elementor-widget-wrap elementor-element-populated\">\n\t\t\t\t\t\t<div class=\"elementor-element elementor-element-ec4bb5c elementor-widget elementor-widget-image\" data-id=\"ec4bb5c\" data-element_type=\"widget\" data-e-type=\"widget\" data-widget_type=\"image.default\">\n\t\t\t\t<div class=\"elementor-widget-container\">\n\t\t\t\t\t\t\t\t\t\t\t\t\t\t\t<img data-opt-id=102321873  fetchpriority=\"high\" decoding=\"async\" width=\"433\" height=\"466\" src=\"https:\/\/mlxizehycs8z.i.optimole.com\/w:433\/h:466\/q:mauto\/f:best\/https:\/\/3dimagenesdentomaxilares.com.ar\/wp-content\/uploads\/2020\/09\/qs-3d.jpg\" class=\"attachment-large size-large wp-image-156\" alt=\"\" srcset=\"https:\/\/mlxizehycs8z.i.optimole.com\/w:433\/h:466\/q:mauto\/f:best\/https:\/\/3dimagenesdentomaxilares.com.ar\/wp-content\/uploads\/2020\/09\/qs-3d.jpg 433w, https:\/\/mlxizehycs8z.i.optimole.com\/w:279\/h:300\/q:mauto\/f:best\/https:\/\/3dimagenesdentomaxilares.com.ar\/wp-content\/uploads\/2020\/09\/qs-3d.jpg 279w\" sizes=\"(max-width: 433px) 100vw, 433px\" \/>\t\t\t\t\t\t\t\t\t\t\t\t\t\t\t<\/div>\n\t\t\t\t<\/div>\n\t\t\t\t\t<\/div>\n\t\t<\/div>\n\t\t\t\t\t<\/div>\n\t\t<\/section>\n\t\t\t\t<\/div>\n\t\t","protected":false},"excerpt":{"rendered":"<p>\u00faltima tecnolog\u00eda &#8220; 3D im\u00e1genes dentomaxilares servicio de radiolog\u00eda dentomaxilofacial Somos un servicio de radiolog\u00eda dentomaxilofacial que busca satisfacer las necesidades del profesional y del paciente en busca de un correcto diagn\u00f3stico. Para eso nos valemos de la \u00faltima tecnolog\u00eda en im\u00e1genes digitales 2D Y 3D. Nuestra Visi\u00f3n \u00a0Buscamos acercar nuestra tecnolog\u00eda a profesionales y [&hellip;]<\/p>\n","protected":false},"author":1,"featured_media":0,"parent":0,"menu_order":2,"comment_status":"closed","ping_status":"closed","template":"elementor_header_footer","meta":{"om_disable_all_campaigns":false,"_monsterinsights_skip_tracking":false,"_monsterinsights_sitenote_active":false,"_monsterinsights_sitenote_note":"","_monsterinsights_sitenote_category":0,"footnotes":""},"class_list":["post-95","page","type-page","status-publish","hentry"],"_links":{"self":[{"href":"https:\/\/3dimagenesdentomaxilares.com.ar\/index.php\/wp-json\/wp\/v2\/pages\/95","targetHints":{"allow":["GET"]}}],"collection":[{"href":"https:\/\/3dimagenesdentomaxilares.com.ar\/index.php\/wp-json\/wp\/v2\/pages"}],"about":[{"href":"https:\/\/3dimagenesdentomaxilares.com.ar\/index.php\/wp-json\/wp\/v2\/types\/page"}],"author":[{"embeddable":true,"href":"https:\/\/3dimagenesdentomaxilares.com.ar\/index.php\/wp-json\/wp\/v2\/users\/1"}],"replies":[{"embeddable":true,"href":"https:\/\/3dimagenesdentomaxilares.com.ar\/index.php\/wp-json\/wp\/v2\/comments?post=95"}],"version-history":[{"count":6,"href":"https:\/\/3dimagenesdentomaxilares.com.ar\/index.php\/wp-json\/wp\/v2\/pages\/95\/revisions"}],"predecessor-version":[{"id":172,"href":"https:\/\/3dimagenesdentomaxilares.com.ar\/index.php\/wp-json\/wp\/v2\/pages\/95\/revisions\/172"}],"wp:attachment":[{"href":"https:\/\/3dimagenesdentomaxilares.com.ar\/index.php\/wp-json\/wp\/v2\/media?parent=95"}],"curies":[{"name":"wp","href":"https:\/\/api.w.org\/{rel}","templated":true}]}}